{"id":1648,"date":"2024-03-13T17:30:36","date_gmt":"2024-03-13T17:30:36","guid":{"rendered":"https:\/\/facerindustrial.com\/producto\/charola-de-fibra-de-vidrio-esd\/"},"modified":"2024-03-13T20:25:53","modified_gmt":"2024-03-13T20:25:53","slug":"charola-fibra-de-vidrio","status":"publish","type":"product","link":"https:\/\/facerindustrial.com\/es\/producto\/charola-fibra-de-vidrio\/","title":{"rendered":"Charola de Fibra De Vidrio"},"content":{"rendered":"<p>Rango de resistencia el\u00e9ctrica 1\u00d710\u00b45 \u2013 1\u00d710\u00b49<br \/>\nMaterial 100% ESD (volum\u00e9trico)<\/p>\n","protected":false},"excerpt":{"rendered":"<p>La charola de fibra de vidrio ESD es ideal para manejar cualquier tipo de PCB. Puede colocarse cualquier tipo de tapete de hule o foam, alg\u00fan tipo de almohadilla o poder colocar directamente la tarjeta sobre la charola. Est\u00e1 dise\u00f1ada para caber en carritos de transporte. Su principal ventaja es la versatilidad de usos y la durabilidad.<br \/>\nComo no lleva un dise\u00f1o personalizado, permite generar stock y utilizarse de manera estandarizada<\/p>\n","protected":false},"featured_media":1699,"comment_status":"open","ping_status":"closed","template":"","meta":{"_et_pb_use_builder":"","_et_pb_old_content":"","_et_gb_content_width":""},"product_cat":[27],"product_tag":[],"class_list":{"0":"post-1648","1":"product","2":"type-product","3":"status-publish","4":"has-post-thumbnail","6":"product_cat-productos-esd","8":"first","9":"instock","10":"shipping-taxable","11":"product-type-simple"},"yoast_head":"<!-- This site is optimized with the Yoast SEO plugin v22.2 - https:\/\/yoast.com\/wordpress\/plugins\/seo\/ -->\n<title>Charola de Fibra De Vidrio - Facer Industrial<\/title>\n<meta name=\"description\" content=\"En Facer Industrial somo expertos en ESD de alta calidad, innovadora Charola de Fibra De Vidrio , dise\u00f1ada para proteger componentes electr\u00f3nicos sensibles durante el transporte y almacenamiento - Con un equipo altamente capacitado, desarrollamos soluciones que cumplen con los est\u00e1ndares de seguridad m\u00e1s rigurosos, ofreciendo protecci\u00f3n confiable contra descargas electrost\u00e1ticas. Ofrecemos soluciones personalizadas para garantizar la seguridad de sus productos electr\u00f3nicos\" \/>\n<meta name=\"robots\" content=\"index, follow, max-snippet:-1, max-image-preview:large, max-video-preview:-1\" \/>\n<link rel=\"canonical\" href=\"https:\/\/facerindustrial.com\/es\/producto\/charola-fibra-de-vidrio\/\" \/>\n<meta property=\"og:locale\" content=\"es_MX\" \/>\n<meta property=\"og:type\" content=\"article\" \/>\n<meta property=\"og:title\" content=\"Charola de Fibra De Vidrio - Facer Industrial\" \/>\n<meta property=\"og:description\" content=\"En Facer Industrial somo expertos en ESD de alta calidad, innovadora Charola de Fibra De Vidrio , dise\u00f1ada para proteger componentes electr\u00f3nicos sensibles durante el transporte y almacenamiento - Con un equipo altamente capacitado, desarrollamos soluciones que cumplen con los est\u00e1ndares de seguridad m\u00e1s rigurosos, ofreciendo protecci\u00f3n confiable contra descargas electrost\u00e1ticas. Ofrecemos soluciones personalizadas para garantizar la seguridad de sus productos electr\u00f3nicos\" \/>\n<meta property=\"og:url\" content=\"https:\/\/facerindustrial.com\/es\/producto\/charola-fibra-de-vidrio\/\" \/>\n<meta property=\"og:site_name\" content=\"Facer Industrial\" \/>\n<meta property=\"article:publisher\" content=\"https:\/\/www.facebook.com\/Facerindustrial\/\" \/>\n<meta property=\"article:modified_time\" content=\"2024-03-13T20:25:53+00:00\" \/>\n<meta property=\"og:image\" content=\"https:\/\/facerindustrial.com\/wp-content\/uploads\/2024\/03\/Fibra-de-vidrio-A.png\" \/>\n\t<meta property=\"og:image:width\" content=\"1200\" \/>\n\t<meta property=\"og:image:height\" content=\"1200\" \/>\n\t<meta property=\"og:image:type\" content=\"image\/png\" \/>\n<meta name=\"twitter:card\" content=\"summary_large_image\" \/>\n<meta name=\"twitter:label1\" content=\"Tiempo de lectura\" \/>\n\t<meta name=\"twitter:data1\" content=\"1 minuto\" \/>\n<script type=\"application\/ld+json\" class=\"yoast-schema-graph\">{\"@context\":\"https:\/\/schema.org\",\"@graph\":[{\"@type\":\"WebPage\",\"@id\":\"https:\/\/facerindustrial.com\/producto\/charola-fibra-de-vidrio\/\",\"url\":\"https:\/\/facerindustrial.com\/producto\/charola-fibra-de-vidrio\/\",\"name\":\"Charola de Fibra De Vidrio - Facer Industrial\",\"isPartOf\":{\"@id\":\"https:\/\/facerindustrial.com\/#website\"},\"primaryImageOfPage\":{\"@id\":\"https:\/\/facerindustrial.com\/producto\/charola-fibra-de-vidrio\/#primaryimage\"},\"image\":{\"@id\":\"https:\/\/facerindustrial.com\/producto\/charola-fibra-de-vidrio\/#primaryimage\"},\"thumbnailUrl\":\"https:\/\/facerindustrial.com\/wp-content\/uploads\/2024\/03\/Fibra-de-vidrio-A-e1710522468385.png\",\"datePublished\":\"2024-03-13T17:30:36+00:00\",\"dateModified\":\"2024-03-13T20:25:53+00:00\",\"description\":\"En Facer Industrial somo expertos en ESD de alta calidad, innovadora Charola de Fibra De Vidrio , dise\u00f1ada para proteger componentes electr\u00f3nicos sensibles durante el transporte y almacenamiento - Con un equipo altamente capacitado, desarrollamos soluciones que cumplen con los est\u00e1ndares de seguridad m\u00e1s rigurosos, ofreciendo protecci\u00f3n confiable contra descargas electrost\u00e1ticas. Ofrecemos soluciones personalizadas para garantizar la seguridad de sus productos electr\u00f3nicos\",\"breadcrumb\":{\"@id\":\"https:\/\/facerindustrial.com\/producto\/charola-fibra-de-vidrio\/#breadcrumb\"},\"inLanguage\":\"es\",\"potentialAction\":[{\"@type\":\"ReadAction\",\"target\":[\"https:\/\/facerindustrial.com\/producto\/charola-fibra-de-vidrio\/\"]}]},{\"@type\":\"ImageObject\",\"inLanguage\":\"es\",\"@id\":\"https:\/\/facerindustrial.com\/producto\/charola-fibra-de-vidrio\/#primaryimage\",\"url\":\"https:\/\/facerindustrial.com\/wp-content\/uploads\/2024\/03\/Fibra-de-vidrio-A-e1710522468385.png\",\"contentUrl\":\"https:\/\/facerindustrial.com\/wp-content\/uploads\/2024\/03\/Fibra-de-vidrio-A-e1710522468385.png\",\"width\":1074,\"height\":622},{\"@type\":\"BreadcrumbList\",\"@id\":\"https:\/\/facerindustrial.com\/producto\/charola-fibra-de-vidrio\/#breadcrumb\",\"itemListElement\":[{\"@type\":\"ListItem\",\"position\":1,\"name\":\"Inicio\",\"item\":\"https:\/\/facerindustrial.com\/es\/\"},{\"@type\":\"ListItem\",\"position\":2,\"name\":\"Tienda\",\"item\":\"https:\/\/facerindustrial.com\/tienda\/\"},{\"@type\":\"ListItem\",\"position\":3,\"name\":\"Charola de Fibra De Vidrio\"}]},{\"@type\":\"WebSite\",\"@id\":\"https:\/\/facerindustrial.com\/#website\",\"url\":\"https:\/\/facerindustrial.com\/\",\"name\":\"Facer Industrial\",\"description\":\"\",\"publisher\":{\"@id\":\"https:\/\/facerindustrial.com\/#organization\"},\"potentialAction\":[{\"@type\":\"SearchAction\",\"target\":{\"@type\":\"EntryPoint\",\"urlTemplate\":\"https:\/\/facerindustrial.com\/?s={search_term_string}\"},\"query-input\":\"required name=search_term_string\"}],\"inLanguage\":\"es\"},{\"@type\":\"Organization\",\"@id\":\"https:\/\/facerindustrial.com\/#organization\",\"name\":\"Facer Industrial\",\"url\":\"https:\/\/facerindustrial.com\/\",\"logo\":{\"@type\":\"ImageObject\",\"inLanguage\":\"es\",\"@id\":\"https:\/\/facerindustrial.com\/#\/schema\/logo\/image\/\",\"url\":\"https:\/\/facerindustrial.com\/wp-content\/uploads\/2024\/03\/Facer_logotipo_01-e1710184448797.png\",\"contentUrl\":\"https:\/\/facerindustrial.com\/wp-content\/uploads\/2024\/03\/Facer_logotipo_01-e1710184448797.png\",\"width\":1227,\"height\":475,\"caption\":\"Facer Industrial\"},\"image\":{\"@id\":\"https:\/\/facerindustrial.com\/#\/schema\/logo\/image\/\"},\"sameAs\":[\"https:\/\/www.facebook.com\/Facerindustrial\/\",\"https:\/\/www.linkedin.com\/company\/facer-insdustrial\/about\/?viewAsMember=truequesectores\"]}]}<\/script>\n<!-- \/ Yoast SEO plugin. -->","yoast_head_json":{"title":"Charola de Fibra De Vidrio - Facer Industrial","description":"En Facer Industrial somo expertos en ESD de alta calidad, innovadora Charola de Fibra De Vidrio , dise\u00f1ada para proteger componentes electr\u00f3nicos sensibles durante el transporte y almacenamiento - Con un equipo altamente capacitado, desarrollamos soluciones que cumplen con los est\u00e1ndares de seguridad m\u00e1s rigurosos, ofreciendo protecci\u00f3n confiable contra descargas electrost\u00e1ticas. Ofrecemos soluciones personalizadas para garantizar la seguridad de sus productos electr\u00f3nicos","robots":{"index":"index","follow":"follow","max-snippet":"max-snippet:-1","max-image-preview":"max-image-preview:large","max-video-preview":"max-video-preview:-1"},"canonical":"https:\/\/facerindustrial.com\/es\/producto\/charola-fibra-de-vidrio\/","og_locale":"es_MX","og_type":"article","og_title":"Charola de Fibra De Vidrio - Facer Industrial","og_description":"En Facer Industrial somo expertos en ESD de alta calidad, innovadora Charola de Fibra De Vidrio , dise\u00f1ada para proteger componentes electr\u00f3nicos sensibles durante el transporte y almacenamiento - Con un equipo altamente capacitado, desarrollamos soluciones que cumplen con los est\u00e1ndares de seguridad m\u00e1s rigurosos, ofreciendo protecci\u00f3n confiable contra descargas electrost\u00e1ticas. Ofrecemos soluciones personalizadas para garantizar la seguridad de sus productos electr\u00f3nicos","og_url":"https:\/\/facerindustrial.com\/es\/producto\/charola-fibra-de-vidrio\/","og_site_name":"Facer Industrial","article_publisher":"https:\/\/www.facebook.com\/Facerindustrial\/","article_modified_time":"2024-03-13T20:25:53+00:00","og_image":[{"width":1200,"height":1200,"url":"https:\/\/facerindustrial.com\/wp-content\/uploads\/2024\/03\/Fibra-de-vidrio-A.png","type":"image\/png"}],"twitter_card":"summary_large_image","twitter_misc":{"Tiempo de lectura":"1 minuto"},"schema":{"@context":"https:\/\/schema.org","@graph":[{"@type":"WebPage","@id":"https:\/\/facerindustrial.com\/producto\/charola-fibra-de-vidrio\/","url":"https:\/\/facerindustrial.com\/producto\/charola-fibra-de-vidrio\/","name":"Charola de Fibra De Vidrio - Facer Industrial","isPartOf":{"@id":"https:\/\/facerindustrial.com\/#website"},"primaryImageOfPage":{"@id":"https:\/\/facerindustrial.com\/producto\/charola-fibra-de-vidrio\/#primaryimage"},"image":{"@id":"https:\/\/facerindustrial.com\/producto\/charola-fibra-de-vidrio\/#primaryimage"},"thumbnailUrl":"https:\/\/facerindustrial.com\/wp-content\/uploads\/2024\/03\/Fibra-de-vidrio-A-e1710522468385.png","datePublished":"2024-03-13T17:30:36+00:00","dateModified":"2024-03-13T20:25:53+00:00","description":"En Facer Industrial somo expertos en ESD de alta calidad, innovadora Charola de Fibra De Vidrio , dise\u00f1ada para proteger componentes electr\u00f3nicos sensibles durante el transporte y almacenamiento - Con un equipo altamente capacitado, desarrollamos soluciones que cumplen con los est\u00e1ndares de seguridad m\u00e1s rigurosos, ofreciendo protecci\u00f3n confiable contra descargas electrost\u00e1ticas. Ofrecemos soluciones personalizadas para garantizar la seguridad de sus productos electr\u00f3nicos","breadcrumb":{"@id":"https:\/\/facerindustrial.com\/producto\/charola-fibra-de-vidrio\/#breadcrumb"},"inLanguage":"es","potentialAction":[{"@type":"ReadAction","target":["https:\/\/facerindustrial.com\/producto\/charola-fibra-de-vidrio\/"]}]},{"@type":"ImageObject","inLanguage":"es","@id":"https:\/\/facerindustrial.com\/producto\/charola-fibra-de-vidrio\/#primaryimage","url":"https:\/\/facerindustrial.com\/wp-content\/uploads\/2024\/03\/Fibra-de-vidrio-A-e1710522468385.png","contentUrl":"https:\/\/facerindustrial.com\/wp-content\/uploads\/2024\/03\/Fibra-de-vidrio-A-e1710522468385.png","width":1074,"height":622},{"@type":"BreadcrumbList","@id":"https:\/\/facerindustrial.com\/producto\/charola-fibra-de-vidrio\/#breadcrumb","itemListElement":[{"@type":"ListItem","position":1,"name":"Inicio","item":"https:\/\/facerindustrial.com\/es\/"},{"@type":"ListItem","position":2,"name":"Tienda","item":"https:\/\/facerindustrial.com\/tienda\/"},{"@type":"ListItem","position":3,"name":"Charola de Fibra De Vidrio"}]},{"@type":"WebSite","@id":"https:\/\/facerindustrial.com\/#website","url":"https:\/\/facerindustrial.com\/","name":"Facer Industrial","description":"","publisher":{"@id":"https:\/\/facerindustrial.com\/#organization"},"potentialAction":[{"@type":"SearchAction","target":{"@type":"EntryPoint","urlTemplate":"https:\/\/facerindustrial.com\/?s={search_term_string}"},"query-input":"required name=search_term_string"}],"inLanguage":"es"},{"@type":"Organization","@id":"https:\/\/facerindustrial.com\/#organization","name":"Facer Industrial","url":"https:\/\/facerindustrial.com\/","logo":{"@type":"ImageObject","inLanguage":"es","@id":"https:\/\/facerindustrial.com\/#\/schema\/logo\/image\/","url":"https:\/\/facerindustrial.com\/wp-content\/uploads\/2024\/03\/Facer_logotipo_01-e1710184448797.png","contentUrl":"https:\/\/facerindustrial.com\/wp-content\/uploads\/2024\/03\/Facer_logotipo_01-e1710184448797.png","width":1227,"height":475,"caption":"Facer Industrial"},"image":{"@id":"https:\/\/facerindustrial.com\/#\/schema\/logo\/image\/"},"sameAs":["https:\/\/www.facebook.com\/Facerindustrial\/","https:\/\/www.linkedin.com\/company\/facer-insdustrial\/about\/?viewAsMember=truequesectores"]}]}},"jetpack_sharing_enabled":true,"_links":{"self":[{"href":"https:\/\/facerindustrial.com\/es\/wp-json\/wp\/v2\/product\/1648","targetHints":{"allow":["GET"]}}],"collection":[{"href":"https:\/\/facerindustrial.com\/es\/wp-json\/wp\/v2\/product"}],"about":[{"href":"https:\/\/facerindustrial.com\/es\/wp-json\/wp\/v2\/types\/product"}],"replies":[{"embeddable":true,"href":"https:\/\/facerindustrial.com\/es\/wp-json\/wp\/v2\/comments?post=1648"}],"wp:featuredmedia":[{"embeddable":true,"href":"https:\/\/facerindustrial.com\/es\/wp-json\/wp\/v2\/media\/1699"}],"wp:attachment":[{"href":"https:\/\/facerindustrial.com\/es\/wp-json\/wp\/v2\/media?parent=1648"}],"wp:term":[{"taxonomy":"product_cat","embeddable":true,"href":"https:\/\/facerindustrial.com\/es\/wp-json\/wp\/v2\/product_cat?post=1648"},{"taxonomy":"product_tag","embeddable":true,"href":"https:\/\/facerindustrial.com\/es\/wp-json\/wp\/v2\/product_tag?post=1648"}],"curies":[{"name":"wp","href":"https:\/\/api.w.org\/{rel}","templated":true}]}}