{"id":1646,"date":"2024-03-13T17:30:35","date_gmt":"2024-03-13T17:30:35","guid":{"rendered":"https:\/\/facerindustrial.com\/producto\/charola-termoformada-de-plasticos-esd\/"},"modified":"2024-03-13T20:19:01","modified_gmt":"2024-03-13T20:19:01","slug":"charolas-de-termoformado","status":"publish","type":"product","link":"https:\/\/facerindustrial.com\/es\/producto\/charolas-de-termoformado\/","title":{"rendered":"Charola Termoformada ESD"},"content":{"rendered":"<p>La charola termoformada de pl\u00e1stico ESD es ideal para la protecci\u00f3n de PC\u00b4s cuando se requiere un alto volumen de charolas y un menor costo comparada con las de EVA<\/p>\n<p>Calibres del 40 al 200. Materiales: Poliestireno de alto impacto (HIPS), ABS, HDPE, polipropileno, PET.<br \/>\nMaterial 100% ESD volum\u00e9trico (excepto PET).<br \/>\nResistencia el\u00e9ctrica. Conductivas (1\u00d710\u00b41-1\u00d710\u00b45) o disipativas (1\u00d710\u00b46-1\u00d710\u00b49).<br \/>\nFabricamos nuestros propios herramentales (moldes). Dimensiones m\u00e1ximas: 120*120 cms<\/p>\n","protected":false},"excerpt":{"rendered":"<p>Sus principales ventajas son su larga vida \u00fatil, su resistencia y su bajo costo.<br \/>\nEste tipo de charolas requiere de un herramental o molde que es fabricado por nosotros internamente, con esto obtenemos mayor rapidez en el desarrollo de muestras y entregas en menor tiempo.<\/p>\n","protected":false},"featured_media":1701,"comment_status":"open","ping_status":"closed","template":"","meta":{"_et_pb_use_builder":"","_et_pb_old_content":"","_et_gb_content_width":""},"product_cat":[26],"product_tag":[],"class_list":{"0":"post-1646","1":"product","2":"type-product","3":"status-publish","4":"has-post-thumbnail","6":"product_cat-sin-categorizar","8":"first","9":"instock","10":"shipping-taxable","11":"product-type-simple"},"yoast_head":"<!-- This site is optimized with the Yoast SEO plugin v22.2 - https:\/\/yoast.com\/wordpress\/plugins\/seo\/ -->\n<title>Charola Termoformada ESD - Facer Industrial<\/title>\n<meta name=\"description\" content=\"Las Charola Termoformada ESD ofrecen una soluci\u00f3n confiable para el transporte y almacenamiento seguro de productos electr\u00f3nicos, garantizando la disipaci\u00f3n segura de la electricidad est\u00e1tica y protegiendo tus art\u00edculos de descargas electrost\u00e1ticas. Con materiales de alta calidad y dise\u00f1os innovadores, nuestras charolas de termoformado ESD son la opci\u00f3n ideal para mantener la integridad de tus productos en entornos sensibles.\" \/>\n<meta name=\"robots\" content=\"index, follow, max-snippet:-1, max-image-preview:large, max-video-preview:-1\" \/>\n<link rel=\"canonical\" href=\"https:\/\/facerindustrial.com\/es\/producto\/charolas-de-termoformado\/\" \/>\n<meta property=\"og:locale\" content=\"es_MX\" \/>\n<meta property=\"og:type\" content=\"article\" \/>\n<meta property=\"og:title\" content=\"Charola Termoformada ESD - Facer Industrial\" \/>\n<meta property=\"og:description\" content=\"Las Charola Termoformada ESD ofrecen una soluci\u00f3n confiable para el transporte y almacenamiento seguro de productos electr\u00f3nicos, garantizando la disipaci\u00f3n segura de la electricidad est\u00e1tica y protegiendo tus art\u00edculos de descargas electrost\u00e1ticas. Con materiales de alta calidad y dise\u00f1os innovadores, nuestras charolas de termoformado ESD son la opci\u00f3n ideal para mantener la integridad de tus productos en entornos sensibles.\" \/>\n<meta property=\"og:url\" content=\"https:\/\/facerindustrial.com\/es\/producto\/charolas-de-termoformado\/\" \/>\n<meta property=\"og:site_name\" content=\"Facer Industrial\" \/>\n<meta property=\"article:publisher\" content=\"https:\/\/www.facebook.com\/Facerindustrial\/\" \/>\n<meta property=\"article:modified_time\" content=\"2024-03-13T20:19:01+00:00\" \/>\n<meta property=\"og:image\" content=\"https:\/\/facerindustrial.com\/wp-content\/uploads\/2024\/03\/Termoformados.png\" \/>\n\t<meta property=\"og:image:width\" content=\"1200\" \/>\n\t<meta property=\"og:image:height\" content=\"1200\" \/>\n\t<meta property=\"og:image:type\" content=\"image\/png\" \/>\n<meta name=\"twitter:card\" content=\"summary_large_image\" \/>\n<meta name=\"twitter:label1\" content=\"Tiempo de lectura\" \/>\n\t<meta name=\"twitter:data1\" content=\"1 minuto\" \/>\n<script type=\"application\/ld+json\" class=\"yoast-schema-graph\">{\"@context\":\"https:\/\/schema.org\",\"@graph\":[{\"@type\":\"WebPage\",\"@id\":\"https:\/\/facerindustrial.com\/producto\/charolas-de-termoformado\/\",\"url\":\"https:\/\/facerindustrial.com\/producto\/charolas-de-termoformado\/\",\"name\":\"Charola Termoformada ESD - Facer Industrial\",\"isPartOf\":{\"@id\":\"https:\/\/facerindustrial.com\/#website\"},\"primaryImageOfPage\":{\"@id\":\"https:\/\/facerindustrial.com\/producto\/charolas-de-termoformado\/#primaryimage\"},\"image\":{\"@id\":\"https:\/\/facerindustrial.com\/producto\/charolas-de-termoformado\/#primaryimage\"},\"thumbnailUrl\":\"https:\/\/facerindustrial.com\/wp-content\/uploads\/2024\/03\/Termoformados.png\",\"datePublished\":\"2024-03-13T17:30:35+00:00\",\"dateModified\":\"2024-03-13T20:19:01+00:00\",\"description\":\"Las Charola Termoformada ESD ofrecen una soluci\u00f3n confiable para el transporte y almacenamiento seguro de productos electr\u00f3nicos, garantizando la disipaci\u00f3n segura de la electricidad est\u00e1tica y protegiendo tus art\u00edculos de descargas electrost\u00e1ticas. Con materiales de alta calidad y dise\u00f1os innovadores, nuestras charolas de termoformado ESD son la opci\u00f3n ideal para mantener la integridad de tus productos en entornos sensibles.\",\"breadcrumb\":{\"@id\":\"https:\/\/facerindustrial.com\/producto\/charolas-de-termoformado\/#breadcrumb\"},\"inLanguage\":\"es\",\"potentialAction\":[{\"@type\":\"ReadAction\",\"target\":[\"https:\/\/facerindustrial.com\/producto\/charolas-de-termoformado\/\"]}]},{\"@type\":\"ImageObject\",\"inLanguage\":\"es\",\"@id\":\"https:\/\/facerindustrial.com\/producto\/charolas-de-termoformado\/#primaryimage\",\"url\":\"https:\/\/facerindustrial.com\/wp-content\/uploads\/2024\/03\/Termoformados.png\",\"contentUrl\":\"https:\/\/facerindustrial.com\/wp-content\/uploads\/2024\/03\/Termoformados.png\",\"width\":1200,\"height\":1200},{\"@type\":\"BreadcrumbList\",\"@id\":\"https:\/\/facerindustrial.com\/producto\/charolas-de-termoformado\/#breadcrumb\",\"itemListElement\":[{\"@type\":\"ListItem\",\"position\":1,\"name\":\"Inicio\",\"item\":\"https:\/\/facerindustrial.com\/es\/\"},{\"@type\":\"ListItem\",\"position\":2,\"name\":\"Tienda\",\"item\":\"https:\/\/facerindustrial.com\/tienda\/\"},{\"@type\":\"ListItem\",\"position\":3,\"name\":\"Charola Termoformada ESD\"}]},{\"@type\":\"WebSite\",\"@id\":\"https:\/\/facerindustrial.com\/#website\",\"url\":\"https:\/\/facerindustrial.com\/\",\"name\":\"Facer Industrial\",\"description\":\"\",\"publisher\":{\"@id\":\"https:\/\/facerindustrial.com\/#organization\"},\"potentialAction\":[{\"@type\":\"SearchAction\",\"target\":{\"@type\":\"EntryPoint\",\"urlTemplate\":\"https:\/\/facerindustrial.com\/?s={search_term_string}\"},\"query-input\":\"required name=search_term_string\"}],\"inLanguage\":\"es\"},{\"@type\":\"Organization\",\"@id\":\"https:\/\/facerindustrial.com\/#organization\",\"name\":\"Facer Industrial\",\"url\":\"https:\/\/facerindustrial.com\/\",\"logo\":{\"@type\":\"ImageObject\",\"inLanguage\":\"es\",\"@id\":\"https:\/\/facerindustrial.com\/#\/schema\/logo\/image\/\",\"url\":\"https:\/\/facerindustrial.com\/wp-content\/uploads\/2024\/03\/Facer_logotipo_01-e1710184448797.png\",\"contentUrl\":\"https:\/\/facerindustrial.com\/wp-content\/uploads\/2024\/03\/Facer_logotipo_01-e1710184448797.png\",\"width\":1227,\"height\":475,\"caption\":\"Facer Industrial\"},\"image\":{\"@id\":\"https:\/\/facerindustrial.com\/#\/schema\/logo\/image\/\"},\"sameAs\":[\"https:\/\/www.facebook.com\/Facerindustrial\/\",\"https:\/\/www.linkedin.com\/company\/facer-insdustrial\/about\/?viewAsMember=truequesectores\"]}]}<\/script>\n<!-- \/ Yoast SEO plugin. -->","yoast_head_json":{"title":"Charola Termoformada ESD - Facer Industrial","description":"Las Charola Termoformada ESD ofrecen una soluci\u00f3n confiable para el transporte y almacenamiento seguro de productos electr\u00f3nicos, garantizando la disipaci\u00f3n segura de la electricidad est\u00e1tica y protegiendo tus art\u00edculos de descargas electrost\u00e1ticas. Con materiales de alta calidad y dise\u00f1os innovadores, nuestras charolas de termoformado ESD son la opci\u00f3n ideal para mantener la integridad de tus productos en entornos sensibles.","robots":{"index":"index","follow":"follow","max-snippet":"max-snippet:-1","max-image-preview":"max-image-preview:large","max-video-preview":"max-video-preview:-1"},"canonical":"https:\/\/facerindustrial.com\/es\/producto\/charolas-de-termoformado\/","og_locale":"es_MX","og_type":"article","og_title":"Charola Termoformada ESD - Facer Industrial","og_description":"Las Charola Termoformada ESD ofrecen una soluci\u00f3n confiable para el transporte y almacenamiento seguro de productos electr\u00f3nicos, garantizando la disipaci\u00f3n segura de la electricidad est\u00e1tica y protegiendo tus art\u00edculos de descargas electrost\u00e1ticas. Con materiales de alta calidad y dise\u00f1os innovadores, nuestras charolas de termoformado ESD son la opci\u00f3n ideal para mantener la integridad de tus productos en entornos sensibles.","og_url":"https:\/\/facerindustrial.com\/es\/producto\/charolas-de-termoformado\/","og_site_name":"Facer Industrial","article_publisher":"https:\/\/www.facebook.com\/Facerindustrial\/","article_modified_time":"2024-03-13T20:19:01+00:00","og_image":[{"width":1200,"height":1200,"url":"https:\/\/facerindustrial.com\/wp-content\/uploads\/2024\/03\/Termoformados.png","type":"image\/png"}],"twitter_card":"summary_large_image","twitter_misc":{"Tiempo de lectura":"1 minuto"},"schema":{"@context":"https:\/\/schema.org","@graph":[{"@type":"WebPage","@id":"https:\/\/facerindustrial.com\/producto\/charolas-de-termoformado\/","url":"https:\/\/facerindustrial.com\/producto\/charolas-de-termoformado\/","name":"Charola Termoformada ESD - Facer Industrial","isPartOf":{"@id":"https:\/\/facerindustrial.com\/#website"},"primaryImageOfPage":{"@id":"https:\/\/facerindustrial.com\/producto\/charolas-de-termoformado\/#primaryimage"},"image":{"@id":"https:\/\/facerindustrial.com\/producto\/charolas-de-termoformado\/#primaryimage"},"thumbnailUrl":"https:\/\/facerindustrial.com\/wp-content\/uploads\/2024\/03\/Termoformados.png","datePublished":"2024-03-13T17:30:35+00:00","dateModified":"2024-03-13T20:19:01+00:00","description":"Las Charola Termoformada ESD ofrecen una soluci\u00f3n confiable para el transporte y almacenamiento seguro de productos electr\u00f3nicos, garantizando la disipaci\u00f3n segura de la electricidad est\u00e1tica y protegiendo tus art\u00edculos de descargas electrost\u00e1ticas. Con materiales de alta calidad y dise\u00f1os innovadores, nuestras charolas de termoformado ESD son la opci\u00f3n ideal para mantener la integridad de tus productos en entornos sensibles.","breadcrumb":{"@id":"https:\/\/facerindustrial.com\/producto\/charolas-de-termoformado\/#breadcrumb"},"inLanguage":"es","potentialAction":[{"@type":"ReadAction","target":["https:\/\/facerindustrial.com\/producto\/charolas-de-termoformado\/"]}]},{"@type":"ImageObject","inLanguage":"es","@id":"https:\/\/facerindustrial.com\/producto\/charolas-de-termoformado\/#primaryimage","url":"https:\/\/facerindustrial.com\/wp-content\/uploads\/2024\/03\/Termoformados.png","contentUrl":"https:\/\/facerindustrial.com\/wp-content\/uploads\/2024\/03\/Termoformados.png","width":1200,"height":1200},{"@type":"BreadcrumbList","@id":"https:\/\/facerindustrial.com\/producto\/charolas-de-termoformado\/#breadcrumb","itemListElement":[{"@type":"ListItem","position":1,"name":"Inicio","item":"https:\/\/facerindustrial.com\/es\/"},{"@type":"ListItem","position":2,"name":"Tienda","item":"https:\/\/facerindustrial.com\/tienda\/"},{"@type":"ListItem","position":3,"name":"Charola Termoformada ESD"}]},{"@type":"WebSite","@id":"https:\/\/facerindustrial.com\/#website","url":"https:\/\/facerindustrial.com\/","name":"Facer Industrial","description":"","publisher":{"@id":"https:\/\/facerindustrial.com\/#organization"},"potentialAction":[{"@type":"SearchAction","target":{"@type":"EntryPoint","urlTemplate":"https:\/\/facerindustrial.com\/?s={search_term_string}"},"query-input":"required name=search_term_string"}],"inLanguage":"es"},{"@type":"Organization","@id":"https:\/\/facerindustrial.com\/#organization","name":"Facer Industrial","url":"https:\/\/facerindustrial.com\/","logo":{"@type":"ImageObject","inLanguage":"es","@id":"https:\/\/facerindustrial.com\/#\/schema\/logo\/image\/","url":"https:\/\/facerindustrial.com\/wp-content\/uploads\/2024\/03\/Facer_logotipo_01-e1710184448797.png","contentUrl":"https:\/\/facerindustrial.com\/wp-content\/uploads\/2024\/03\/Facer_logotipo_01-e1710184448797.png","width":1227,"height":475,"caption":"Facer Industrial"},"image":{"@id":"https:\/\/facerindustrial.com\/#\/schema\/logo\/image\/"},"sameAs":["https:\/\/www.facebook.com\/Facerindustrial\/","https:\/\/www.linkedin.com\/company\/facer-insdustrial\/about\/?viewAsMember=truequesectores"]}]}},"jetpack_sharing_enabled":true,"_links":{"self":[{"href":"https:\/\/facerindustrial.com\/es\/wp-json\/wp\/v2\/product\/1646","targetHints":{"allow":["GET"]}}],"collection":[{"href":"https:\/\/facerindustrial.com\/es\/wp-json\/wp\/v2\/product"}],"about":[{"href":"https:\/\/facerindustrial.com\/es\/wp-json\/wp\/v2\/types\/product"}],"replies":[{"embeddable":true,"href":"https:\/\/facerindustrial.com\/es\/wp-json\/wp\/v2\/comments?post=1646"}],"wp:featuredmedia":[{"embeddable":true,"href":"https:\/\/facerindustrial.com\/es\/wp-json\/wp\/v2\/media\/1701"}],"wp:attachment":[{"href":"https:\/\/facerindustrial.com\/es\/wp-json\/wp\/v2\/media?parent=1646"}],"wp:term":[{"taxonomy":"product_cat","embeddable":true,"href":"https:\/\/facerindustrial.com\/es\/wp-json\/wp\/v2\/product_cat?post=1646"},{"taxonomy":"product_tag","embeddable":true,"href":"https:\/\/facerindustrial.com\/es\/wp-json\/wp\/v2\/product_tag?post=1646"}],"curies":[{"name":"wp","href":"https:\/\/api.w.org\/{rel}","templated":true}]}}