{"id":816,"date":"2024-02-16T09:22:41","date_gmt":"2024-02-16T09:22:41","guid":{"rendered":"http:\/\/35.235.86.119\/?page_id=816"},"modified":"2024-03-13T17:22:17","modified_gmt":"2024-03-13T17:22:17","slug":"maquinado-de-eva","status":"publish","type":"page","link":"https:\/\/facerindustrial.com\/es\/maquinado-de-eva\/","title":{"rendered":"MAQUINADO DE EVA"},"content":{"rendered":"<p>[et_pb_section fb_built=&#8221;1&#8243; next_background_color=&#8221;#ffffff&#8221; _builder_version=&#8221;4.24.2&#8243; _module_preset=&#8221;default&#8221; use_background_color_gradient=&#8221;on&#8221; background_color_gradient_direction=&#8221;1deg&#8221; background_color_gradient_stops=&#8221;#172b32 0%|#358bac 88%&#8221; min_height=&#8221;337.7px&#8221; bottom_divider_style=&#8221;slant&#8221; bottom_divider_flip=&#8221;horizontal&#8221; global_colors_info=&#8221;{}&#8221;][et_pb_row column_structure=&#8221;3_4,1_4&#8243; _builder_version=&#8221;4.24.0&#8243; _module_preset=&#8221;default&#8221; custom_margin=&#8221;2%||||false|false&#8221; custom_padding=&#8221;3%||3%||false|false&#8221; locked=&#8221;off&#8221; global_colors_info=&#8221;{}&#8221;][et_pb_column type=&#8221;3_4&#8243; _builder_version=&#8221;4.24.0&#8243; _module_preset=&#8221;default&#8221; global_colors_info=&#8221;{}&#8221;][et_pb_text _builder_version=&#8221;4.24.0&#8243; _module_preset=&#8221;default&#8221; custom_padding=&#8221;||0px|||&#8221; locked=&#8221;off&#8221; inline_fonts=&#8221;Raleway,Source Sans Pro&#8221; global_colors_info=&#8221;{}&#8221;]<\/p>\n<h2 style=\"text-align: left;\"><span style=\"color: #ffffff; font-family: Raleway; font-weight: normal;\"><span style=\"font-size: 55px;\">Charolas Maquinadas<\/span><br \/><\/span><\/h2>\n<h2 style=\"text-align: left;\"><span style=\"color: #4d4f4d;\"><strong><span style=\"color: #ffffff; font-family: Raleway;\"><span style=\"font-size: 50px;\">DE EVA ESD (FOAM)<\/span><\/span><\/strong><br \/><\/span><\/h2>\n<p>[\/et_pb_text][\/et_pb_column][et_pb_column type=&#8221;1_4&#8243; _builder_version=&#8221;4.24.0&#8243; _module_preset=&#8221;default&#8221; global_colors_info=&#8221;{}&#8221;][et_pb_image src=&#8221;https:\/\/facerindustrial.com\/wp-content\/uploads\/2024\/02\/2.png&#8221; title_text=&#8221;2&#8243; _builder_version=&#8221;4.24.2&#8243; _module_preset=&#8221;default&#8221; transform_translate=&#8221;39px|-47px&#8221; global_colors_info=&#8221;{}&#8221;][\/et_pb_image][\/et_pb_column][\/et_pb_row][\/et_pb_section][et_pb_section fb_built=&#8221;1&#8243; _builder_version=&#8221;4.24.0&#8243; _module_preset=&#8221;default&#8221; background_enable_image=&#8221;off&#8221; global_colors_info=&#8221;{}&#8221;][et_pb_row column_structure=&#8221;1_2,1_2&#8243; _builder_version=&#8221;4.24.0&#8243; _module_preset=&#8221;default&#8221; global_colors_info=&#8221;{}&#8221;][et_pb_column type=&#8221;1_2&#8243; _builder_version=&#8221;4.24.0&#8243; _module_preset=&#8221;default&#8221; global_colors_info=&#8221;{}&#8221;][et_pb_image src=&#8221;https:\/\/facerindustrial.com\/wp-content\/uploads\/2024\/02\/5.png&#8221; title_text=&#8221;5&#8243; _builder_version=&#8221;4.24.2&#8243; _module_preset=&#8221;default&#8221; global_colors_info=&#8221;{}&#8221;][\/et_pb_image][\/et_pb_column][et_pb_column type=&#8221;1_2&#8243; _builder_version=&#8221;4.24.0&#8243; _module_preset=&#8221;default&#8221; global_colors_info=&#8221;{}&#8221;][et_pb_tabs active_tab_background_color=&#8221;#2A6A83&#8243; active_tab_text_color=&#8221;#FFFFFF&#8221; _builder_version=&#8221;4.24.0&#8243; _module_preset=&#8221;default&#8221; tab_font=&#8221;Raleway|600|||||||&#8221; global_colors_info=&#8221;{}&#8221;][et_pb_tab title=&#8221;Caracteristicas&#8221; _builder_version=&#8221;4.24.0&#8243; _module_preset=&#8221;default&#8221; inline_fonts=&#8221;Raleway&#8221; global_colors_info=&#8221;{}&#8221;]<\/p>\n<p style=\"text-align: justify;\"><span style=\"font-family: Raleway; font-weight: normal;\">Las charolas de EVA ESD son ideales para protecci\u00f3n de PCB&#8217;s.<br \/>\nEl material EVA foam tiene la funci\u00f3n de amortiguar golpes o movimientos bruscos.<\/span><\/p>\n<p>[\/et_pb_tab][et_pb_tab title=&#8221;Ventajas&#8221; _builder_version=&#8221;4.24.0&#8243; _module_preset=&#8221;default&#8221; global_colors_info=&#8221;{}&#8221;]<\/p>\n<p style=\"text-align: justify;\"><span style=\"font-family: Raleway; font-weight: normal;\">La principal ventaja que ofrece este tipo de charola es la protecci\u00f3n de los componentes gracias a los nidos que se maquinan bajo dise\u00f1o particular de cada PCB. <\/span><\/p>\n<p>[\/et_pb_tab][\/et_pb_tabs][et_pb_text _builder_version=&#8221;4.24.0&#8243; _module_preset=&#8221;default&#8221; inline_fonts=&#8221;Raleway&#8221; global_colors_info=&#8221;{}&#8221;]<\/p>\n<ul>\n<li><span style=\"font-family: Raleway; font-size: small;\">Grosor en 1 pieza de 5 mm hasta 50 mm.<\/span><\/li>\n<li><span style=\"font-family: Raleway; font-size: small;\"> Rango de resistencia el\u00e9ctrica 1&#215;10\u00b45 &#8211; 1&#215;10\u00b49<\/span><\/li>\n<li><span style=\"font-family: Raleway; font-size: small;\">Dimensiones m\u00e1ximas 120*240 cms<\/span><\/li>\n<li><span style=\"font-family: Raleway; font-size: small;\">Dureza 38 y 60<\/span><\/li>\n<li><span style=\"font-family: Raleway; font-size: small;\">Material 100% ESD volum\u00e9trico.<\/span><\/li>\n<\/ul>\n<p>[\/et_pb_text][\/et_pb_column][\/et_pb_row][et_pb_row column_structure=&#8221;1_4,1_4,1_4,1_4&#8243; _builder_version=&#8221;4.24.0&#8243; _module_preset=&#8221;default&#8221; global_colors_info=&#8221;{}&#8221;][et_pb_column type=&#8221;1_4&#8243; _builder_version=&#8221;4.24.0&#8243; _module_preset=&#8221;default&#8221; global_colors_info=&#8221;{}&#8221;][et_pb_image src=&#8221;https:\/\/facerindustrial.com\/wp-content\/uploads\/2024\/02\/2.1-scaled.jpg&#8221; title_text=&#8221;2.1&#8243; _builder_version=&#8221;4.24.2&#8243; _module_preset=&#8221;default&#8221; global_colors_info=&#8221;{}&#8221;][\/et_pb_image][\/et_pb_column][et_pb_column type=&#8221;1_4&#8243; _builder_version=&#8221;4.24.0&#8243; _module_preset=&#8221;default&#8221; global_colors_info=&#8221;{}&#8221;][et_pb_image src=&#8221;https:\/\/facerindustrial.com\/wp-content\/uploads\/2024\/02\/4.1-scaled.jpg&#8221; title_text=&#8221;4.1&#8243; _builder_version=&#8221;4.24.2&#8243; _module_preset=&#8221;default&#8221; global_colors_info=&#8221;{}&#8221;][\/et_pb_image][\/et_pb_column][et_pb_column type=&#8221;1_4&#8243; _builder_version=&#8221;4.24.0&#8243; _module_preset=&#8221;default&#8221; global_colors_info=&#8221;{}&#8221;][et_pb_image src=&#8221;https:\/\/facerindustrial.com\/wp-content\/uploads\/2024\/02\/6.1-scaled.jpg&#8221; title_text=&#8221;6.1&#8243; _builder_version=&#8221;4.24.2&#8243; _module_preset=&#8221;default&#8221; global_colors_info=&#8221;{}&#8221;][\/et_pb_image][\/et_pb_column][et_pb_column type=&#8221;1_4&#8243; _builder_version=&#8221;4.24.0&#8243; _module_preset=&#8221;default&#8221; global_colors_info=&#8221;{}&#8221;][et_pb_image src=&#8221;https:\/\/facerindustrial.com\/wp-content\/uploads\/2024\/02\/3.1-scaled.jpg&#8221; title_text=&#8221;3.1&#8243; _builder_version=&#8221;4.24.2&#8243; _module_preset=&#8221;default&#8221; global_colors_info=&#8221;{}&#8221;][\/et_pb_image][\/et_pb_column][\/et_pb_row][\/et_pb_section][et_pb_section fb_built=&#8221;1&#8243; _builder_version=&#8221;4.24.0&#8243; _module_preset=&#8221;default&#8221; background_image=&#8221;http:\/\/35.235.86.119\/wp-content\/uploads\/2024\/02\/FONDOMOCKUP-scaled.jpg&#8221; locked=&#8221;off&#8221; global_colors_info=&#8221;{}&#8221;][et_pb_row column_structure=&#8221;1_2,1_2&#8243; _builder_version=&#8221;4.24.0&#8243; _module_preset=&#8221;default&#8221; global_colors_info=&#8221;{}&#8221;][et_pb_column type=&#8221;1_2&#8243; _builder_version=&#8221;4.24.0&#8243; _module_preset=&#8221;default&#8221; global_colors_info=&#8221;{}&#8221;][et_pb_text _builder_version=&#8221;4.24.0&#8243; _module_preset=&#8221;default&#8221; custom_padding=&#8221;3%||||false|false&#8221; locked=&#8221;off&#8221; inline_fonts=&#8221;Raleway,Source Sans Pro&#8221; global_colors_info=&#8221;{}&#8221;]<\/p>\n<h2 style=\"text-align: center;\"><span style=\"color: #4d4f4d;\"><span style=\"color: #358bac;\"><em><strong><span style=\"font-size: 40px; font-family: 'Source Sans Pro';\">Cat\u00e1logo<\/span><\/strong><\/em><\/span><br \/><\/span><\/h2>\n<p>[\/et_pb_text][et_pb_text _builder_version=&#8221;4.24.0&#8243; _module_preset=&#8221;default&#8221; inline_fonts=&#8221;Raleway&#8221; global_colors_info=&#8221;{}&#8221;]<\/p>\n<p style=\"text-align: center;\"><span style=\"font-family: Raleway; font-weight: normal; font-size: large;\">Descarga nuestro cat\u00e1logo y conoce las <br \/>soluciones ESD que ofrecemos.<\/span><\/p>\n<p>[\/et_pb_text][et_pb_button button_url=&#8221;@ET-DC@eyJkeW5hbWljIjp0cnVlLCJjb250ZW50IjoicG9zdF9saW5rX3VybF9wYWdlIiwic2V0dGluZ3MiOnsicG9zdF9pZCI6Ijc0MiJ9fQ==@&#8221; button_text=&#8221;Descargar&#8221; button_alignment=&#8221;center&#8221; _builder_version=&#8221;4.24.0&#8243; _dynamic_attributes=&#8221;button_url&#8221; _module_preset=&#8221;default&#8221; custom_button=&#8221;on&#8221; button_text_size=&#8221;18px&#8221; button_text_color=&#8221;#FFFFFF&#8221; button_bg_color=&#8221;#358BAC&#8221; button_border_width=&#8221;0px&#8221; button_border_radius=&#8221;81px&#8221; global_colors_info=&#8221;{}&#8221;][\/et_pb_button][\/et_pb_column][et_pb_column type=&#8221;1_2&#8243; _builder_version=&#8221;4.24.0&#8243; _module_preset=&#8221;default&#8221; global_colors_info=&#8221;{}&#8221;][et_pb_image src=&#8221;https:\/\/facerindustrial.com\/wp-content\/uploads\/2024\/02\/CATALOGO.png&#8221; title_text=&#8221;CATALOGO&#8221; _builder_version=&#8221;4.24.2&#8243; _module_preset=&#8221;default&#8221; transform_scale=&#8221;150%|150%&#8221; max_width=&#8221;58%&#8221; module_alignment=&#8221;center&#8221; global_colors_info=&#8221;{}&#8221;][\/et_pb_image][\/et_pb_column][\/et_pb_row][\/et_pb_section]<\/p>\n","protected":false},"excerpt":{"rendered":"<p>Charolas Maquinadas DE EVA ESD (FOAM)Las charolas de EVA ESD son ideales para protecci\u00f3n de PCB&#8217;s. El material EVA foam tiene la funci\u00f3n de amortiguar golpes o movimientos bruscos.La principal ventaja que ofrece este tipo de charola es la protecci\u00f3n de los componentes gracias a los nidos que se maquinan bajo dise\u00f1o particular de cada [&hellip;]<\/p>\n","protected":false},"author":1,"featured_media":0,"parent":0,"menu_order":0,"comment_status":"closed","ping_status":"closed","template":"","meta":{"_et_pb_use_builder":"on","_et_pb_old_content":"","_et_gb_content_width":"","footnotes":""},"class_list":["post-816","page","type-page","status-publish","hentry"],"yoast_head":"<!-- This site is optimized with the Yoast SEO plugin v22.2 - https:\/\/yoast.com\/wordpress\/plugins\/seo\/ -->\n<title>MAQUINADO DE EVA - Facer Industrial<\/title>\n<meta name=\"robots\" content=\"index, follow, max-snippet:-1, max-image-preview:large, max-video-preview:-1\" \/>\n<link rel=\"canonical\" href=\"https:\/\/facerindustrial.com\/es\/maquinado-de-eva\/\" \/>\n<meta property=\"og:locale\" content=\"es_MX\" \/>\n<meta property=\"og:type\" content=\"article\" \/>\n<meta property=\"og:title\" content=\"MAQUINADO DE EVA - Facer Industrial\" \/>\n<meta property=\"og:description\" content=\"Charolas Maquinadas DE EVA ESD (FOAM)Las charolas de EVA ESD son ideales para protecci\u00f3n de PCB&#039;s. El material EVA foam tiene la funci\u00f3n de amortiguar golpes o movimientos bruscos.La principal ventaja que ofrece este tipo de charola es la protecci\u00f3n de los componentes gracias a los nidos que se maquinan bajo dise\u00f1o particular de cada [&hellip;]\" \/>\n<meta property=\"og:url\" content=\"https:\/\/facerindustrial.com\/es\/maquinado-de-eva\/\" \/>\n<meta property=\"og:site_name\" content=\"Facer Industrial\" \/>\n<meta property=\"article:publisher\" content=\"https:\/\/www.facebook.com\/Facerindustrial\/\" \/>\n<meta property=\"article:modified_time\" content=\"2024-03-13T17:22:17+00:00\" \/>\n<meta name=\"twitter:card\" content=\"summary_large_image\" \/>\n<meta name=\"twitter:label1\" content=\"Tiempo de lectura\" \/>\n\t<meta name=\"twitter:data1\" content=\"4 minutos\" \/>\n<script type=\"application\/ld+json\" class=\"yoast-schema-graph\">{\"@context\":\"https:\/\/schema.org\",\"@graph\":[{\"@type\":\"WebPage\",\"@id\":\"https:\/\/facerindustrial.com\/maquinado-de-eva\/\",\"url\":\"https:\/\/facerindustrial.com\/maquinado-de-eva\/\",\"name\":\"MAQUINADO DE EVA - Facer Industrial\",\"isPartOf\":{\"@id\":\"https:\/\/facerindustrial.com\/#website\"},\"datePublished\":\"2024-02-16T09:22:41+00:00\",\"dateModified\":\"2024-03-13T17:22:17+00:00\",\"breadcrumb\":{\"@id\":\"https:\/\/facerindustrial.com\/maquinado-de-eva\/#breadcrumb\"},\"inLanguage\":\"es\",\"potentialAction\":[{\"@type\":\"ReadAction\",\"target\":[\"https:\/\/facerindustrial.com\/maquinado-de-eva\/\"]}]},{\"@type\":\"BreadcrumbList\",\"@id\":\"https:\/\/facerindustrial.com\/maquinado-de-eva\/#breadcrumb\",\"itemListElement\":[{\"@type\":\"ListItem\",\"position\":1,\"name\":\"Inicio\",\"item\":\"https:\/\/facerindustrial.com\/es\/\"},{\"@type\":\"ListItem\",\"position\":2,\"name\":\"MAQUINADO DE EVA\"}]},{\"@type\":\"WebSite\",\"@id\":\"https:\/\/facerindustrial.com\/#website\",\"url\":\"https:\/\/facerindustrial.com\/\",\"name\":\"Facer Industrial\",\"description\":\"\",\"publisher\":{\"@id\":\"https:\/\/facerindustrial.com\/#organization\"},\"potentialAction\":[{\"@type\":\"SearchAction\",\"target\":{\"@type\":\"EntryPoint\",\"urlTemplate\":\"https:\/\/facerindustrial.com\/?s={search_term_string}\"},\"query-input\":\"required name=search_term_string\"}],\"inLanguage\":\"es\"},{\"@type\":\"Organization\",\"@id\":\"https:\/\/facerindustrial.com\/#organization\",\"name\":\"Facer Industrial\",\"url\":\"https:\/\/facerindustrial.com\/\",\"logo\":{\"@type\":\"ImageObject\",\"inLanguage\":\"es\",\"@id\":\"https:\/\/facerindustrial.com\/#\/schema\/logo\/image\/\",\"url\":\"https:\/\/facerindustrial.com\/wp-content\/uploads\/2024\/03\/Facer_logotipo_01-e1710184448797.png\",\"contentUrl\":\"https:\/\/facerindustrial.com\/wp-content\/uploads\/2024\/03\/Facer_logotipo_01-e1710184448797.png\",\"width\":1227,\"height\":475,\"caption\":\"Facer Industrial\"},\"image\":{\"@id\":\"https:\/\/facerindustrial.com\/#\/schema\/logo\/image\/\"},\"sameAs\":[\"https:\/\/www.facebook.com\/Facerindustrial\/\",\"https:\/\/www.linkedin.com\/company\/facer-insdustrial\/about\/?viewAsMember=truequesectores\"]}]}<\/script>\n<!-- \/ Yoast SEO plugin. -->","yoast_head_json":{"title":"MAQUINADO DE EVA - Facer Industrial","robots":{"index":"index","follow":"follow","max-snippet":"max-snippet:-1","max-image-preview":"max-image-preview:large","max-video-preview":"max-video-preview:-1"},"canonical":"https:\/\/facerindustrial.com\/es\/maquinado-de-eva\/","og_locale":"es_MX","og_type":"article","og_title":"MAQUINADO DE EVA - Facer Industrial","og_description":"Charolas Maquinadas DE EVA ESD (FOAM)Las charolas de EVA ESD son ideales para protecci\u00f3n de PCB's. El material EVA foam tiene la funci\u00f3n de amortiguar golpes o movimientos bruscos.La principal ventaja que ofrece este tipo de charola es la protecci\u00f3n de los componentes gracias a los nidos que se maquinan bajo dise\u00f1o particular de cada [&hellip;]","og_url":"https:\/\/facerindustrial.com\/es\/maquinado-de-eva\/","og_site_name":"Facer Industrial","article_publisher":"https:\/\/www.facebook.com\/Facerindustrial\/","article_modified_time":"2024-03-13T17:22:17+00:00","twitter_card":"summary_large_image","twitter_misc":{"Tiempo de lectura":"4 minutos"},"schema":{"@context":"https:\/\/schema.org","@graph":[{"@type":"WebPage","@id":"https:\/\/facerindustrial.com\/maquinado-de-eva\/","url":"https:\/\/facerindustrial.com\/maquinado-de-eva\/","name":"MAQUINADO DE EVA - Facer Industrial","isPartOf":{"@id":"https:\/\/facerindustrial.com\/#website"},"datePublished":"2024-02-16T09:22:41+00:00","dateModified":"2024-03-13T17:22:17+00:00","breadcrumb":{"@id":"https:\/\/facerindustrial.com\/maquinado-de-eva\/#breadcrumb"},"inLanguage":"es","potentialAction":[{"@type":"ReadAction","target":["https:\/\/facerindustrial.com\/maquinado-de-eva\/"]}]},{"@type":"BreadcrumbList","@id":"https:\/\/facerindustrial.com\/maquinado-de-eva\/#breadcrumb","itemListElement":[{"@type":"ListItem","position":1,"name":"Inicio","item":"https:\/\/facerindustrial.com\/es\/"},{"@type":"ListItem","position":2,"name":"MAQUINADO DE EVA"}]},{"@type":"WebSite","@id":"https:\/\/facerindustrial.com\/#website","url":"https:\/\/facerindustrial.com\/","name":"Facer Industrial","description":"","publisher":{"@id":"https:\/\/facerindustrial.com\/#organization"},"potentialAction":[{"@type":"SearchAction","target":{"@type":"EntryPoint","urlTemplate":"https:\/\/facerindustrial.com\/?s={search_term_string}"},"query-input":"required name=search_term_string"}],"inLanguage":"es"},{"@type":"Organization","@id":"https:\/\/facerindustrial.com\/#organization","name":"Facer Industrial","url":"https:\/\/facerindustrial.com\/","logo":{"@type":"ImageObject","inLanguage":"es","@id":"https:\/\/facerindustrial.com\/#\/schema\/logo\/image\/","url":"https:\/\/facerindustrial.com\/wp-content\/uploads\/2024\/03\/Facer_logotipo_01-e1710184448797.png","contentUrl":"https:\/\/facerindustrial.com\/wp-content\/uploads\/2024\/03\/Facer_logotipo_01-e1710184448797.png","width":1227,"height":475,"caption":"Facer Industrial"},"image":{"@id":"https:\/\/facerindustrial.com\/#\/schema\/logo\/image\/"},"sameAs":["https:\/\/www.facebook.com\/Facerindustrial\/","https:\/\/www.linkedin.com\/company\/facer-insdustrial\/about\/?viewAsMember=truequesectores"]}]}},"jetpack_sharing_enabled":true,"_links":{"self":[{"href":"https:\/\/facerindustrial.com\/es\/wp-json\/wp\/v2\/pages\/816","targetHints":{"allow":["GET"]}}],"collection":[{"href":"https:\/\/facerindustrial.com\/es\/wp-json\/wp\/v2\/pages"}],"about":[{"href":"https:\/\/facerindustrial.com\/es\/wp-json\/wp\/v2\/types\/page"}],"author":[{"embeddable":true,"href":"https:\/\/facerindustrial.com\/es\/wp-json\/wp\/v2\/users\/1"}],"replies":[{"embeddable":true,"href":"https:\/\/facerindustrial.com\/es\/wp-json\/wp\/v2\/comments?post=816"}],"version-history":[{"count":9,"href":"https:\/\/facerindustrial.com\/es\/wp-json\/wp\/v2\/pages\/816\/revisions"}],"predecessor-version":[{"id":1641,"href":"https:\/\/facerindustrial.com\/es\/wp-json\/wp\/v2\/pages\/816\/revisions\/1641"}],"wp:attachment":[{"href":"https:\/\/facerindustrial.com\/es\/wp-json\/wp\/v2\/media?parent=816"}],"curies":[{"name":"wp","href":"https:\/\/api.w.org\/{rel}","templated":true}]}}