{"id":703,"date":"2024-02-15T22:30:21","date_gmt":"2024-02-15T22:30:21","guid":{"rendered":"http:\/\/35.235.86.119\/?page_id=703"},"modified":"2024-03-28T02:03:20","modified_gmt":"2024-03-28T02:03:20","slug":"nosotros","status":"publish","type":"page","link":"https:\/\/facerindustrial.com\/en\/nosotros\/","title":{"rendered":"ABOUT US"},"content":{"rendered":"<p>[et_pb_section fb_built=&#8221;1&#8243; _builder_version=&#8221;4.24.2&#8243; _module_preset=&#8221;default&#8221; background_image=&#8221;https:\/\/facerindustrial.com\/wp-content\/uploads\/2024\/02\/NOSOTROS-1.png&#8221; custom_padding=&#8221;10%||10%||false|false&#8221; global_colors_info=&#8221;{}&#8221;][et_pb_row _builder_version=&#8221;4.24.0&#8243; _module_preset=&#8221;default&#8221; custom_margin=&#8221;5%||||false|false&#8221; global_colors_info=&#8221;{}&#8221;][et_pb_column type=&#8221;4_4&#8243; _builder_version=&#8221;4.24.0&#8243; _module_preset=&#8221;default&#8221; global_colors_info=&#8221;{}&#8221;][et_pb_text _builder_version=&#8221;4.24.0&#8243; _module_preset=&#8221;default&#8221; custom_padding=&#8221;||0px|||&#8221; locked=&#8221;off&#8221; inline_fonts=&#8221;Raleway,Source Sans Pro&#8221; global_colors_info=&#8221;{}&#8221;]<\/p>\n<h2 style=\"text-align: left;\"><span style=\"color: #ffffff;\"><em><strong><span style=\"font-size: 65px; font-family: 'Source Sans Pro';\">About<\/span><\/strong><\/em><br \/><\/span><\/h2>\n<h2 style=\"text-align: left;\"><span style=\"color: #4d4f4d;\"><span style=\"color: #ffffff;\"><em><strong><span style=\"font-size: 50px; font-family: 'Source Sans Pro';\">Us<\/span><\/strong><\/em><\/span><br \/><\/span><\/h2>\n<p>[\/et_pb_text][\/et_pb_column][\/et_pb_row][\/et_pb_section][et_pb_section fb_built=&#8221;1&#8243; _builder_version=&#8221;4.24.0&#8243; _module_preset=&#8221;default&#8221; custom_margin=&#8221;-1px||-1px||false|false&#8221; custom_padding=&#8221;0px||0px||false|false&#8221; locked=&#8221;off&#8221; global_colors_info=&#8221;{}&#8221;][et_pb_row _builder_version=&#8221;4.24.0&#8243; _module_preset=&#8221;default&#8221; custom_padding=&#8221;||0px||false|false&#8221; global_colors_info=&#8221;{}&#8221;][et_pb_column type=&#8221;4_4&#8243; _builder_version=&#8221;4.24.0&#8243; _module_preset=&#8221;default&#8221; global_colors_info=&#8221;{}&#8221;][et_pb_text _builder_version=&#8221;4.24.0&#8243; _module_preset=&#8221;default&#8221; custom_padding=&#8221;3%||||false|false&#8221; inline_fonts=&#8221;Raleway,Source Sans Pro&#8221; global_colors_info=&#8221;{}&#8221;]<\/p>\n<h2 style=\"text-align: center;\"><span style=\"color: #4d4f4d;\"><span style=\"color: #358bac;\"><em><strong><span style=\"font-size: 40px; font-family: 'Source Sans Pro';\">Our history<\/span><\/strong><\/em><\/span><br \/><\/span><\/h2>\n<p>[\/et_pb_text][et_pb_divider color=&#8221;#358BAC&#8221; divider_weight=&#8221;3.5px&#8221; _builder_version=&#8221;4.24.0&#8243; _module_preset=&#8221;default&#8221; transform_translate=&#8221;0px|-24px&#8221; transform_translate_linked=&#8221;off&#8221; max_width=&#8221;14%&#8221; module_alignment=&#8221;center&#8221; global_colors_info=&#8221;{}&#8221;][\/et_pb_divider][\/et_pb_column][\/et_pb_row][et_pb_row _builder_version=&#8221;4.24.0&#8243; _module_preset=&#8221;default&#8221; global_colors_info=&#8221;{}&#8221;][et_pb_column type=&#8221;4_4&#8243; _builder_version=&#8221;4.24.0&#8243; _module_preset=&#8221;default&#8221; global_colors_info=&#8221;{}&#8221;][et_pb_text _builder_version=&#8221;4.24.0&#8243; _module_preset=&#8221;default&#8221; custom_padding=&#8221;|5%||5%|false|false&#8221; locked=&#8221;off&#8221; inline_fonts=&#8221;Source Sans Pro,Raleway&#8221; global_colors_info=&#8221;{}&#8221;]<\/p>\n<p style=\"text-align: justify;\"><span style=\"font-family: Raleway; font-weight: normal; font-size: medium;\">Facer Industrial was founded in 2019 with the aim of improving the internal transportation of electronic cards in the production lines of large PCB manufacturers. <\/span><\/p>\n<p style=\"text-align: justify;\"><span style=\"font-family: Raleway; font-weight: normal; font-size: medium;\">Throughout these years, it has become the best solution in the market for internal PCB transportation. It has developed technology that has changed the way electronic cards are handled and transported. <\/span><\/p>\n<p style=\"text-align: justify;\"><span style=\"font-family: Raleway; font-weight: normal; font-size: medium;\">It has stood out for innovation and excellence in its production processes. At the end of 2021, it began its first exports to the USA, providing the opportunity to enter the American market. Currently, it is in the development of several projects that will revolutionize the PCB internal transportation industry.<\/span><\/p>\n<p>[\/et_pb_text][\/et_pb_column][\/et_pb_row][\/et_pb_section][et_pb_section fb_built=&#8221;1&#8243; _builder_version=&#8221;4.24.2&#8243; _module_preset=&#8221;default&#8221; background_image=&#8221;https:\/\/facerindustrial.com\/wp-content\/uploads\/2024\/02\/Objeto-inteligente-vectorial.png&#8221; custom_padding=&#8221;5%||5%||false|false&#8221; global_colors_info=&#8221;{}&#8221;][et_pb_row column_structure=&#8221;1_2,1_2&#8243; _builder_version=&#8221;4.24.0&#8243; _module_preset=&#8221;default&#8221; global_colors_info=&#8221;{}&#8221;][et_pb_column type=&#8221;1_2&#8243; _builder_version=&#8221;4.24.0&#8243; _module_preset=&#8221;default&#8221; global_colors_info=&#8221;{}&#8221;][et_pb_text _builder_version=&#8221;4.24.0&#8243; _module_preset=&#8221;default&#8221; custom_padding=&#8221;3%||||false|false&#8221; inline_fonts=&#8221;Raleway,Source Sans Pro&#8221; global_colors_info=&#8221;{}&#8221;]<\/p>\n<h2 style=\"text-align: center;\"><span style=\"color: #4d4f4d;\"><span style=\"color: #358bac;\"><em><strong><span style=\"font-size: 40px; font-family: 'Source Sans Pro';\">Mission<\/span><\/strong><\/em><\/span><br \/>\n<\/span><\/h2>\n<p>[\/et_pb_text][et_pb_text _builder_version=&#8221;4.24.0&#8243; _module_preset=&#8221;default&#8221; custom_padding=&#8221;|5%||5%|false|false&#8221; locked=&#8221;off&#8221; inline_fonts=&#8221;Source Sans Pro,Raleway&#8221; global_colors_info=&#8221;{}&#8221;]<\/p>\n<p style=\"text-align: justify;\"><span style=\"font-family: Raleway; font-weight: normal; font-size: medium;\">Ser el mejor y mayor fabricante de charolas para la industria electr\u00f3nica en M\u00e9xico y EUA. Siendo reconocidos por nuestra innovaci\u00f3n constante. <\/span><\/p>\n<p>[\/et_pb_text][\/et_pb_column][et_pb_column type=&#8221;1_2&#8243; _builder_version=&#8221;4.24.0&#8243; _module_preset=&#8221;default&#8221; global_colors_info=&#8221;{}&#8221;][\/et_pb_column][\/et_pb_row][\/et_pb_section][et_pb_section fb_built=&#8221;1&#8243; _builder_version=&#8221;4.24.0&#8243; _module_preset=&#8221;default&#8221; global_colors_info=&#8221;{}&#8221;][et_pb_row column_structure=&#8221;1_2,1_2&#8243; _builder_version=&#8221;4.24.0&#8243; _module_preset=&#8221;default&#8221; global_colors_info=&#8221;{}&#8221;][et_pb_column type=&#8221;1_2&#8243; _builder_version=&#8221;4.24.0&#8243; _module_preset=&#8221;default&#8221; global_colors_info=&#8221;{}&#8221;][et_pb_image src=&#8221;https:\/\/facerindustrial.com\/wp-content\/uploads\/2024\/02\/FACER.png&#8221; title_text=&#8221;FACER&#8221; _builder_version=&#8221;4.24.2&#8243; _module_preset=&#8221;default&#8221; global_colors_info=&#8221;{}&#8221;][\/et_pb_image][\/et_pb_column][et_pb_column type=&#8221;1_2&#8243; _builder_version=&#8221;4.24.0&#8243; _module_preset=&#8221;default&#8221; global_colors_info=&#8221;{}&#8221;][et_pb_divider show_divider=&#8221;off&#8221; _builder_version=&#8221;4.24.0&#8243; _module_preset=&#8221;default&#8221; custom_padding=&#8221;8%||5%||false|false&#8221; global_colors_info=&#8221;{}&#8221;][\/et_pb_divider][et_pb_text _builder_version=&#8221;4.24.0&#8243; _module_preset=&#8221;default&#8221; custom_padding=&#8221;3%||||false|false&#8221; inline_fonts=&#8221;Raleway,Source Sans Pro&#8221; global_colors_info=&#8221;{}&#8221;]<\/p>\n<h2 style=\"text-align: center;\"><span style=\"color: #4d4f4d;\"><span style=\"color: #358bac;\"><em><strong><span style=\"font-size: 40px; font-family: 'Source Sans Pro';\">Vision<\/span><\/strong><\/em><\/span><br \/><\/span><\/h2>\n<p>[\/et_pb_text][et_pb_text _builder_version=&#8221;4.24.2&#8243; _module_preset=&#8221;default&#8221; custom_padding=&#8221;|5%||5%|false|false&#8221; hover_enabled=&#8221;0&#8243; locked=&#8221;off&#8221; inline_fonts=&#8221;Source Sans Pro,Raleway&#8221; global_colors_info=&#8221;{}&#8221; sticky_enabled=&#8221;0&#8243;]<\/p>\n<p style=\"text-align: justify;\"><span style=\"font-family: Raleway; font-weight: normal; font-size: medium;\">Contribuir al avance tecnol\u00f3gico de la humanidad.<\/span><\/p>\n<p>[\/et_pb_text][\/et_pb_column][\/et_pb_row][\/et_pb_section][et_pb_section fb_built=&#8221;1&#8243; _builder_version=&#8221;4.24.2&#8243; _module_preset=&#8221;default&#8221; background_image=&#8221;https:\/\/facerindustrial.com\/wp-content\/uploads\/2024\/02\/SSS.png&#8221; global_colors_info=&#8221;{}&#8221;][et_pb_row _builder_version=&#8221;4.24.0&#8243; _module_preset=&#8221;default&#8221; custom_padding=&#8221;0px||0px||false|false&#8221; global_colors_info=&#8221;{}&#8221;][et_pb_column type=&#8221;4_4&#8243; _builder_version=&#8221;4.24.0&#8243; _module_preset=&#8221;default&#8221; global_colors_info=&#8221;{}&#8221;][et_pb_text _builder_version=&#8221;4.24.0&#8243; _module_preset=&#8221;default&#8221; custom_padding=&#8221;3%||||false|false&#8221; locked=&#8221;off&#8221; inline_fonts=&#8221;Raleway,Source Sans Pro&#8221; global_colors_info=&#8221;{}&#8221;]<\/p>\n<h2 style=\"text-align: center;\"><span style=\"color: #4d4f4d;\"><span style=\"color: #358bac;\"><em><strong><span style=\"font-size: 40px; font-family: 'Source Sans Pro';\">Our values<\/span><\/strong><\/em><\/span><br \/><\/span><\/h2>\n<p>[\/et_pb_text][\/et_pb_column][\/et_pb_row][et_pb_row column_structure=&#8221;1_3,1_3,1_3&#8243; _builder_version=&#8221;4.24.0&#8243; _module_preset=&#8221;default&#8221; global_colors_info=&#8221;{}&#8221;][et_pb_column type=&#8221;1_3&#8243; _builder_version=&#8221;4.24.0&#8243; _module_preset=&#8221;default&#8221; global_colors_info=&#8221;{}&#8221;][et_pb_divider show_divider=&#8221;off&#8221; _builder_version=&#8221;4.24.0&#8243; _module_preset=&#8221;default&#8221; custom_padding=&#8221;10px||10%||false|false&#8221; global_colors_info=&#8221;{}&#8221;][\/et_pb_divider][et_pb_image src=&#8221;https:\/\/facerindustrial.com\/wp-content\/uploads\/2024\/02\/rompecabezas-2.png&#8221; title_text=&#8221;rompecabezas (2)&#8221; align=&#8221;center&#8221; _builder_version=&#8221;4.24.2&#8243; _module_preset=&#8221;default&#8221; global_colors_info=&#8221;{}&#8221;][\/et_pb_image][et_pb_text _builder_version=&#8221;4.24.0&#8243; _module_preset=&#8221;default&#8221; inline_fonts=&#8221;Raleway&#8221; global_colors_info=&#8221;{}&#8221;]<\/p>\n<p style=\"text-align: center;\"><strong><span style=\"color: #ffffff; font-family: Raleway; font-size: large;\">Order, Discipline, and Focus.<\/span><\/strong><\/p>\n<p>[\/et_pb_text][\/et_pb_column][et_pb_column type=&#8221;1_3&#8243; _builder_version=&#8221;4.24.0&#8243; _module_preset=&#8221;default&#8221; global_colors_info=&#8221;{}&#8221;][et_pb_image src=&#8221;https:\/\/facerindustrial.com\/wp-content\/uploads\/2024\/02\/evaluacion-2.png&#8221; title_text=&#8221;evaluacion (2)&#8221; align=&#8221;center&#8221; _builder_version=&#8221;4.24.2&#8243; _module_preset=&#8221;default&#8221; global_colors_info=&#8221;{}&#8221;][\/et_pb_image][et_pb_text _builder_version=&#8221;4.24.0&#8243; _module_preset=&#8221;default&#8221; inline_fonts=&#8221;Raleway&#8221; global_colors_info=&#8221;{}&#8221;]<\/p>\n<p style=\"text-align: center;\"><strong><span style=\"color: #ffffff; font-family: Raleway; font-size: large;\">Commitment to good results<\/span><\/strong><\/p>\n<p>[\/et_pb_text][\/et_pb_column][et_pb_column type=&#8221;1_3&#8243; _builder_version=&#8221;4.24.0&#8243; _module_preset=&#8221;default&#8221; global_colors_info=&#8221;{}&#8221;][et_pb_divider show_divider=&#8221;off&#8221; _builder_version=&#8221;4.24.0&#8243; _module_preset=&#8221;default&#8221; custom_padding=&#8221;10px||10%||false|false&#8221; global_colors_info=&#8221;{}&#8221;][\/et_pb_divider][et_pb_image src=&#8221;https:\/\/facerindustrial.com\/wp-content\/uploads\/2024\/02\/apreton-de-manos-2.png&#8221; title_text=&#8221;apreton-de-manos (2)&#8221; align=&#8221;center&#8221; _builder_version=&#8221;4.24.2&#8243; _module_preset=&#8221;default&#8221; global_colors_info=&#8221;{}&#8221;][\/et_pb_image][et_pb_text _builder_version=&#8221;4.24.0&#8243; _module_preset=&#8221;default&#8221; inline_fonts=&#8221;Raleway&#8221; global_colors_info=&#8221;{}&#8221;]<\/p>\n<p style=\"text-align: center;\"><strong><span style=\"color: #ffffff; font-family: Raleway; font-size: large;\">Mutual respect and trust<\/span><\/strong><\/p>\n<p>[\/et_pb_text][\/et_pb_column][\/et_pb_row][\/et_pb_section][et_pb_section fb_built=&#8221;1&#8243; _builder_version=&#8221;4.24.0&#8243; _module_preset=&#8221;default&#8221; custom_padding=&#8221;1px||0px||false|false&#8221; global_colors_info=&#8221;{}&#8221;][et_pb_row _builder_version=&#8221;4.24.2&#8243; _module_preset=&#8221;default&#8221; global_colors_info=&#8221;{}&#8221;][et_pb_column type=&#8221;4_4&#8243; _builder_version=&#8221;4.24.2&#8243; _module_preset=&#8221;default&#8221; global_colors_info=&#8221;{}&#8221;][et_pb_divider show_divider=&#8221;off&#8221; _builder_version=&#8221;4.24.2&#8243; _module_preset=&#8221;default&#8221; custom_padding=&#8221;3%||3%||false|false&#8221; global_colors_info=&#8221;{}&#8221;][\/et_pb_divider][\/et_pb_column][\/et_pb_row][\/et_pb_section]<\/p>","protected":false},"excerpt":{"rendered":"<p>Sobre NosotrosNuestra HistoriaFacer Industrial fue fundada en 2019 con el objetivo de mejorar el transporte interno de tarjetas electr\u00f3nicas en l\u00edneas de producci\u00f3n de grandes maquiladores de PCB&#8217;s. A lo largo de estos a\u00f1os se ha consolidado como la mejor soluci\u00f3n en el mercado para el transporte interno de PCBs. Ha desarollado tecnolog\u00eda que ha [&hellip;]<\/p>","protected":false},"author":1,"featured_media":0,"parent":0,"menu_order":0,"comment_status":"closed","ping_status":"closed","template":"","meta":{"_et_pb_use_builder":"on","_et_pb_old_content":"","_et_gb_content_width":"","footnotes":""},"class_list":["post-703","page","type-page","status-publish","hentry"],"yoast_head":"<!-- This site is optimized with the Yoast SEO plugin v22.2 - https:\/\/yoast.com\/wordpress\/plugins\/seo\/ -->\n<title>NOSOTROS - Facer Industrial<\/title>\n<meta name=\"robots\" content=\"index, follow, max-snippet:-1, max-image-preview:large, max-video-preview:-1\" \/>\n<link rel=\"canonical\" href=\"https:\/\/facerindustrial.com\/en\/nosotros\/\" \/>\n<meta property=\"og:locale\" content=\"en_US\" \/>\n<meta property=\"og:type\" content=\"article\" \/>\n<meta property=\"og:title\" content=\"NOSOTROS - Facer Industrial\" \/>\n<meta property=\"og:description\" content=\"Sobre NosotrosNuestra HistoriaFacer Industrial fue fundada en 2019 con el objetivo de mejorar el transporte interno de tarjetas electr\u00f3nicas en l\u00edneas de producci\u00f3n de grandes maquiladores de PCB&#039;s. A lo largo de estos a\u00f1os se ha consolidado como la mejor soluci\u00f3n en el mercado para el transporte interno de PCBs. Ha desarollado tecnolog\u00eda que ha [&hellip;]\" \/>\n<meta property=\"og:url\" content=\"https:\/\/facerindustrial.com\/en\/nosotros\/\" \/>\n<meta property=\"og:site_name\" content=\"Facer Industrial\" \/>\n<meta property=\"article:publisher\" content=\"https:\/\/www.facebook.com\/Facerindustrial\/\" \/>\n<meta property=\"article:modified_time\" content=\"2024-03-28T02:03:20+00:00\" \/>\n<meta name=\"twitter:card\" content=\"summary_large_image\" \/>\n<meta name=\"twitter:label1\" content=\"Est. reading time\" \/>\n\t<meta name=\"twitter:data1\" content=\"6 minutes\" \/>\n<script type=\"application\/ld+json\" class=\"yoast-schema-graph\">{\"@context\":\"https:\/\/schema.org\",\"@graph\":[{\"@type\":\"WebPage\",\"@id\":\"https:\/\/facerindustrial.com\/es\/nosotros\/\",\"url\":\"https:\/\/facerindustrial.com\/es\/nosotros\/\",\"name\":\"NOSOTROS - Facer Industrial\",\"isPartOf\":{\"@id\":\"https:\/\/facerindustrial.com\/#website\"},\"datePublished\":\"2024-02-15T22:30:21+00:00\",\"dateModified\":\"2024-03-28T02:03:20+00:00\",\"breadcrumb\":{\"@id\":\"https:\/\/facerindustrial.com\/es\/nosotros\/#breadcrumb\"},\"inLanguage\":\"en-US\",\"potentialAction\":[{\"@type\":\"ReadAction\",\"target\":[\"https:\/\/facerindustrial.com\/es\/nosotros\/\"]}]},{\"@type\":\"BreadcrumbList\",\"@id\":\"https:\/\/facerindustrial.com\/es\/nosotros\/#breadcrumb\",\"itemListElement\":[{\"@type\":\"ListItem\",\"position\":1,\"name\":\"Inicio\",\"item\":\"https:\/\/facerindustrial.com\/es\/\"},{\"@type\":\"ListItem\",\"position\":2,\"name\":\"NOSOTROS\"}]},{\"@type\":\"WebSite\",\"@id\":\"https:\/\/facerindustrial.com\/#website\",\"url\":\"https:\/\/facerindustrial.com\/\",\"name\":\"Facer Industrial\",\"description\":\"\",\"publisher\":{\"@id\":\"https:\/\/facerindustrial.com\/#organization\"},\"potentialAction\":[{\"@type\":\"SearchAction\",\"target\":{\"@type\":\"EntryPoint\",\"urlTemplate\":\"https:\/\/facerindustrial.com\/?s={search_term_string}\"},\"query-input\":\"required name=search_term_string\"}],\"inLanguage\":\"en-US\"},{\"@type\":\"Organization\",\"@id\":\"https:\/\/facerindustrial.com\/#organization\",\"name\":\"Facer Industrial\",\"url\":\"https:\/\/facerindustrial.com\/\",\"logo\":{\"@type\":\"ImageObject\",\"inLanguage\":\"en-US\",\"@id\":\"https:\/\/facerindustrial.com\/#\/schema\/logo\/image\/\",\"url\":\"https:\/\/facerindustrial.com\/wp-content\/uploads\/2024\/03\/Facer_logotipo_01-e1710184448797.png\",\"contentUrl\":\"https:\/\/facerindustrial.com\/wp-content\/uploads\/2024\/03\/Facer_logotipo_01-e1710184448797.png\",\"width\":1227,\"height\":475,\"caption\":\"Facer Industrial\"},\"image\":{\"@id\":\"https:\/\/facerindustrial.com\/#\/schema\/logo\/image\/\"},\"sameAs\":[\"https:\/\/www.facebook.com\/Facerindustrial\/\",\"https:\/\/www.linkedin.com\/company\/facer-insdustrial\/about\/?viewAsMember=truequesectores\"]}]}<\/script>\n<!-- \/ Yoast SEO plugin. -->","yoast_head_json":{"title":"NOSOTROS - Facer Industrial","robots":{"index":"index","follow":"follow","max-snippet":"max-snippet:-1","max-image-preview":"max-image-preview:large","max-video-preview":"max-video-preview:-1"},"canonical":"https:\/\/facerindustrial.com\/en\/nosotros\/","og_locale":"en_US","og_type":"article","og_title":"NOSOTROS - Facer Industrial","og_description":"Sobre NosotrosNuestra HistoriaFacer Industrial fue fundada en 2019 con el objetivo de mejorar el transporte interno de tarjetas electr\u00f3nicas en l\u00edneas de producci\u00f3n de grandes maquiladores de PCB's. A lo largo de estos a\u00f1os se ha consolidado como la mejor soluci\u00f3n en el mercado para el transporte interno de PCBs. Ha desarollado tecnolog\u00eda que ha [&hellip;]","og_url":"https:\/\/facerindustrial.com\/en\/nosotros\/","og_site_name":"Facer Industrial","article_publisher":"https:\/\/www.facebook.com\/Facerindustrial\/","article_modified_time":"2024-03-28T02:03:20+00:00","twitter_card":"summary_large_image","twitter_misc":{"Est. reading time":"6 minutes"},"schema":{"@context":"https:\/\/schema.org","@graph":[{"@type":"WebPage","@id":"https:\/\/facerindustrial.com\/es\/nosotros\/","url":"https:\/\/facerindustrial.com\/es\/nosotros\/","name":"NOSOTROS - Facer Industrial","isPartOf":{"@id":"https:\/\/facerindustrial.com\/#website"},"datePublished":"2024-02-15T22:30:21+00:00","dateModified":"2024-03-28T02:03:20+00:00","breadcrumb":{"@id":"https:\/\/facerindustrial.com\/es\/nosotros\/#breadcrumb"},"inLanguage":"en-US","potentialAction":[{"@type":"ReadAction","target":["https:\/\/facerindustrial.com\/es\/nosotros\/"]}]},{"@type":"BreadcrumbList","@id":"https:\/\/facerindustrial.com\/es\/nosotros\/#breadcrumb","itemListElement":[{"@type":"ListItem","position":1,"name":"Inicio","item":"https:\/\/facerindustrial.com\/es\/"},{"@type":"ListItem","position":2,"name":"NOSOTROS"}]},{"@type":"WebSite","@id":"https:\/\/facerindustrial.com\/#website","url":"https:\/\/facerindustrial.com\/","name":"Facer Industrial","description":"","publisher":{"@id":"https:\/\/facerindustrial.com\/#organization"},"potentialAction":[{"@type":"SearchAction","target":{"@type":"EntryPoint","urlTemplate":"https:\/\/facerindustrial.com\/?s={search_term_string}"},"query-input":"required name=search_term_string"}],"inLanguage":"en-US"},{"@type":"Organization","@id":"https:\/\/facerindustrial.com\/#organization","name":"Facer Industrial","url":"https:\/\/facerindustrial.com\/","logo":{"@type":"ImageObject","inLanguage":"en-US","@id":"https:\/\/facerindustrial.com\/#\/schema\/logo\/image\/","url":"https:\/\/facerindustrial.com\/wp-content\/uploads\/2024\/03\/Facer_logotipo_01-e1710184448797.png","contentUrl":"https:\/\/facerindustrial.com\/wp-content\/uploads\/2024\/03\/Facer_logotipo_01-e1710184448797.png","width":1227,"height":475,"caption":"Facer Industrial"},"image":{"@id":"https:\/\/facerindustrial.com\/#\/schema\/logo\/image\/"},"sameAs":["https:\/\/www.facebook.com\/Facerindustrial\/","https:\/\/www.linkedin.com\/company\/facer-insdustrial\/about\/?viewAsMember=truequesectores"]}]}},"jetpack_sharing_enabled":true,"_links":{"self":[{"href":"https:\/\/facerindustrial.com\/en\/wp-json\/wp\/v2\/pages\/703","targetHints":{"allow":["GET"]}}],"collection":[{"href":"https:\/\/facerindustrial.com\/en\/wp-json\/wp\/v2\/pages"}],"about":[{"href":"https:\/\/facerindustrial.com\/en\/wp-json\/wp\/v2\/types\/page"}],"author":[{"embeddable":true,"href":"https:\/\/facerindustrial.com\/en\/wp-json\/wp\/v2\/users\/1"}],"replies":[{"embeddable":true,"href":"https:\/\/facerindustrial.com\/en\/wp-json\/wp\/v2\/comments?post=703"}],"version-history":[{"count":6,"href":"https:\/\/facerindustrial.com\/en\/wp-json\/wp\/v2\/pages\/703\/revisions"}],"predecessor-version":[{"id":1788,"href":"https:\/\/facerindustrial.com\/en\/wp-json\/wp\/v2\/pages\/703\/revisions\/1788"}],"wp:attachment":[{"href":"https:\/\/facerindustrial.com\/en\/wp-json\/wp\/v2\/media?parent=703"}],"curies":[{"name":"wp","href":"https:\/\/api.w.org\/{rel}","templated":true}]}}